{"id":478,"date":"2025-11-04T00:39:36","date_gmt":"2025-11-04T00:39:36","guid":{"rendered":"http:\/\/netzwerkleselust.de\/?page_id=478"},"modified":"2026-04-28T19:42:38","modified_gmt":"2026-04-28T19:42:38","slug":"mitglied-werden","status":"publish","type":"page","link":"http:\/\/netzwerkleselust.de\/?page_id=478","title":{"rendered":"Mitglied werden"},"content":{"rendered":"<p>[et_pb_section fb_built=&#8221;1&#8243; _builder_version=&#8221;4.27.4&#8243; _module_preset=&#8221;default&#8221; global_colors_info=&#8221;{}&#8221;][et_pb_row column_structure=&#8221;3_5,2_5&#8243; _builder_version=&#8221;4.27.4&#8243; _module_preset=&#8221;default&#8221; global_colors_info=&#8221;{}&#8221;][et_pb_column type=&#8221;3_5&#8243; _builder_version=&#8221;4.27.4&#8243; _module_preset=&#8221;default&#8221; global_colors_info=&#8221;{}&#8221;][et_pb_blurb title=&#8221;Wie kann ich Mitglied werden?&#8221; use_icon=&#8221;on&#8221; font_icon=&#8221;&#xf0a9;||fa||900&#8243; icon_color=&#8221;gcid-4a97cfeb-cc44-4db4-9180-c95b654d70aa&#8221; image_icon_width=&#8221;32px&#8221; icon_alignment=&#8221;left&#8221; content_max_width=&#8221;100%&#8221; admin_label=&#8221;Infotext &#8211; Wie kann ich Mitglied werden?&#8221; _builder_version=&#8221;4.27.4&#8243; _module_preset=&#8221;212b201d-2c34-41bd-936c-851b7357d08b&#8221; header_font=&#8221;Playfair Display|Playfair Display_weight|||||||&#8221; header_text_color=&#8221;#111111&#8243; header_font_size=&#8221;18px&#8221; header_line_height=&#8221;1.4em&#8221; body_font=&#8221;Source Sans Pro|Source Sans Pro_weight|||||||&#8221; body_text_color=&#8221;rgba(0,0,0,0.64)&#8221; body_font_size=&#8221;16px&#8221; body_line_height=&#8221;1.75em&#8221; body_link_text_color=&#8221;#03045e&#8221; background_mask_style=&#8221;diagonal&#8221; image_icon_custom_margin=&#8221;||||false|false&#8221; image_icon_custom_padding=&#8221;||||false|false&#8221; animation=&#8221;off&#8221; header_font_size_tablet=&#8221;15px&#8221; header_font_size_phone=&#8221;13px&#8221; header_font_size_last_edited=&#8221;on|phone&#8221; body_font_size_tablet=&#8221;15px&#8221; body_font_size_phone=&#8221;14px&#8221; body_font_size_last_edited=&#8221;on|desktop&#8221; border_radii_image=&#8221;on|6px|6px|6px|6px&#8221; locked=&#8221;off&#8221; global_colors_info=&#8221;{%22gcid-4a97cfeb-cc44-4db4-9180-c95b654d70aa%22:%91%22icon_color%22%93}&#8221;]<\/p>\n<p>Einfach die Mitglieder Beitrittserkl\u00e4rung ausf\u00fcllen und an folgende Adresse senden:<\/p>\n<p>Netzwerk Leselust e.V.<br \/>Hermannstra\u00dfe 2a<br \/>66822 Lebach<\/p>\n<p>Sollten weitere Fragen zur Mitgliedschaft bzw. Unterst\u00fctzung des Vereins oder Projektes auftreten einfach per eMail bei uns melden =&gt; <a href=\"mailto:info@netzwerkleselust.de\">info@netzwerkleselust.de<\/a><\/p>\n<p>Des weiteren besteht bei all unseren Events und Aktionen die M\u00f6glichkeit unserem Verein beizutreten.<\/p>\n<p>Wir freuen uns auf zahlreiche Mitglieder und eure Unterst\u00fctzung.<\/p>\n<p>[\/et_pb_blurb][\/et_pb_column][et_pb_column type=&#8221;2_5&#8243; _builder_version=&#8221;4.27.4&#8243; _module_preset=&#8221;default&#8221; global_colors_info=&#8221;{}&#8221;][et_pb_blurb title=&#8221;Downloads&#8221; use_icon=&#8221;on&#8221; font_icon=&#8221;&#xf0a9;||fa||900&#8243; icon_color=&#8221;gcid-4a97cfeb-cc44-4db4-9180-c95b654d70aa&#8221; image_icon_width=&#8221;32px&#8221; icon_alignment=&#8221;left&#8221; content_max_width=&#8221;100%&#8221; admin_label=&#8221;Infotext &#8211; Downloads&#8221; _builder_version=&#8221;4.27.6&#8243; _module_preset=&#8221;212b201d-2c34-41bd-936c-851b7357d08b&#8221; header_font=&#8221;Playfair Display|Playfair Display_weight|||||||&#8221; header_text_color=&#8221;#111111&#8243; header_font_size=&#8221;18px&#8221; header_line_height=&#8221;1.4em&#8221; body_font=&#8221;Source Sans Pro|Source Sans Pro_weight|||||||&#8221; body_text_color=&#8221;rgba(0,0,0,0.64)&#8221; body_font_size=&#8221;16px&#8221; body_line_height=&#8221;1.75em&#8221; body_link_text_color=&#8221;#03045e&#8221; background_mask_style=&#8221;diagonal&#8221; image_icon_custom_margin=&#8221;||||false|false&#8221; image_icon_custom_padding=&#8221;||||false|false&#8221; animation=&#8221;off&#8221; hover_enabled=&#8221;0&#8243; header_font_size_tablet=&#8221;15px&#8221; header_font_size_phone=&#8221;13px&#8221; header_font_size_last_edited=&#8221;on|phone&#8221; body_font_size_tablet=&#8221;15px&#8221; body_font_size_phone=&#8221;14px&#8221; body_font_size_last_edited=&#8221;on|desktop&#8221; border_width_left=&#8221;1px&#8221; border_color_left=&#8221;#b2b2b2&#8243; border_radii_image=&#8221;on|6px|6px|6px|6px&#8221; locked=&#8221;off&#8221; global_colors_info=&#8221;{%22gcid-4a97cfeb-cc44-4db4-9180-c95b654d70aa%22:%91%22icon_color%22%93}&#8221; sticky_enabled=&#8221;0&#8243;]<\/p>\n<div class=\"bsk-pdfm-output-container shortcode-pdfs layout-ul\"><div class=\"bsk-pdfm-pdfs-output pdfs-in-ul\"><ul class=\"bsk-pdfm-pdfs-ul-list bsk-pdfm-without-featured-image bsk-pdfm-without-description bsk-pdfm-with-title\">\n<li class=\"bsk-pdfm-list-item list-item-odd\" data-date=\"2025-11-04-Di\" data-id=\"1\">\n<a href=\"http:\/\/netzwerkleselust.de\/wp-content\/uploads\/bsk-pdf-manager\/2025\/11\/NL_Mitglieder-Beitrittserklaerung_2025-01.pdf\" target=&quot;_blank&quot;  title=\"Mitglieder Beitrittserkl\u00e4rung\" class=\"bsk-pdfm-pdf-link-for-title pdf-id-1\"><span class=\"bsk-pdfm-pdf-title-string\">Mitglieder Beitrittserkl\u00e4rung<\/span><\/a><\/li>\n<li class=\"bsk-pdfm-list-item list-item-even\" data-date=\"2025-11-04-Di\" data-id=\"2\">\n<a href=\"http:\/\/netzwerkleselust.de\/wp-content\/uploads\/bsk-pdf-manager\/2025\/11\/NL_Beitragsordnung_231016.pdf\" target=&quot;_blank&quot;  title=\"Beitragsordnung\" class=\"bsk-pdfm-pdf-link-for-title pdf-id-2\"><span class=\"bsk-pdfm-pdf-title-string\">Beitragsordnung<\/span><\/a><\/li>\n<li class=\"bsk-pdfm-list-item list-item-odd\" data-date=\"2026-04-28-Di\" data-id=\"3\">\n<a href=\"http:\/\/netzwerkleselust.de\/wp-content\/uploads\/bsk-pdf-manager\/2026\/04\/NL_Satzung_23-10-16.pdf\" target=&quot;_blank&quot;  title=\"Satzung\" class=\"bsk-pdfm-pdf-link-for-title pdf-id-3\"><span class=\"bsk-pdfm-pdf-title-string\">Satzung<\/span><\/a><\/li>\n<\/ul><\/div><!-- \/\/end for bsk-pdfm-pdfs-output --><div class=\"bsk-pdfm-pdfs-shortcode-attr\"><input type=\"hidden\" class=\"bsk-pdfm-shortcode-attr\" data-attr_name=\"ul_or_ol\" value=\"ul\" \/><input type=\"hidden\" class=\"bsk-pdfm-shortcode-attr\" data-attr_name=\"id\" value=\"1,2,3\" \/><input type=\"hidden\" class=\"bsk-pdfm-shortcode-attr\" data-attr_name=\"link_only\" value=\"no\" \/><input type=\"hidden\" class=\"bsk-pdfm-shortcode-attr\" data-attr_name=\"url_only\" value=\"no\" \/><input type=\"hidden\" class=\"bsk-pdfm-shortcode-attr\" data-attr_name=\"order_by\" value=\"\" \/><input type=\"hidden\" class=\"bsk-pdfm-shortcode-attr\" data-attr_name=\"order\" value=\"\" \/><input type=\"hidden\" class=\"bsk-pdfm-shortcode-attr\" data-attr_name=\"target\" value=\"_blank\" \/><input type=\"hidden\" class=\"bsk-pdfm-shortcode-attr\" data-attr_name=\"most_top\" value=\"0\" \/><input type=\"hidden\" class=\"bsk-pdfm-shortcode-attr\" data-attr_name=\"nofollow_tag\" value=\"no\" \/><input type=\"hidden\" class=\"bsk-pdfm-shortcode-attr\" data-attr_name=\"noopener_tag\" value=\"no\" \/><input type=\"hidden\" class=\"bsk-pdfm-shortcode-attr\" data-attr_name=\"noreferrer_tag\" value=\"no\" \/><input type=\"hidden\" class=\"bsk-pdfm-shortcode-attr\" data-attr_name=\"show_date\" value=\"no\" \/><input type=\"hidden\" class=\"bsk-pdfm-shortcode-attr\" data-attr_name=\"date_format\" value=\" d\/m\/Y\" \/><input type=\"hidden\" class=\"bsk-pdfm-shortcode-attr\" data-attr_name=\"date_before_title\" value=\"no\" \/><input type=\"hidden\" class=\"bsk-pdfm-shortcode-attr\" data-attr_name=\"show_count_desc\" value=\"no\" \/><input type=\"hidden\" class=\"bsk-pdfm-shortcode-attr\" data-attr_name=\"extension_filter\" value=\"no\" \/><input type=\"hidden\" class=\"bsk-pdfm-shortcode-attr\" data-attr_name=\"tags\" value=\"no\" \/><input type=\"hidden\" class=\"bsk-pdfm-shortcode-attr\" data-attr_name=\"tags_specific\" value=\"\" \/><input type=\"hidden\" class=\"bsk-pdfm-shortcode-attr\" data-attr_name=\"tags_default\" value=\"\" \/><input type=\"hidden\" class=\"bsk-pdfm-shortcode-attr\" data-attr_name=\"tags_exclude\" value=\"\" \/><input type=\"hidden\" class=\"bsk-pdfm-shortcode-attr\" data-attr_name=\"tags_align_right\" value=\"no\" \/><input type=\"hidden\" class=\"bsk-pdfm-shortcode-attr\" data-attr_name=\"output_container_class\" value=\"\" \/><input type=\"hidden\" class=\"bsk-pdfm-pdfs-ajax-nonce\" value=\"57e87baa73\"><!-- \/\/bsk-pdfm-pdfs-shortcode-attr --><\/div><\/div><!-- \/\/end for bsk-pdfm-output-container-->\n<p>[\/et_pb_blurb][\/et_pb_column][\/et_pb_row][\/et_pb_section]<\/p>\n","protected":false},"excerpt":{"rendered":"<p>Einfach die Mitglieder Beitrittserkl\u00e4rung ausf\u00fcllen und an folgende Adresse senden: Netzwerk Leselust e.V.Hermannstra\u00dfe 2a66822 Lebach Sollten weitere Fragen zur Mitgliedschaft bzw. Unterst\u00fctzung des Vereins oder Projektes auftreten einfach per eMail [&hellip;]<\/p>\n","protected":false},"author":2,"featured_media":0,"parent":0,"menu_order":0,"comment_status":"closed","ping_status":"closed","template":"","meta":{"_et_pb_use_builder":"on","_et_pb_old_content":"","_et_gb_content_width":"","footnotes":""},"class_list":["post-478","page","type-page","status-publish","hentry"],"_links":{"self":[{"href":"http:\/\/netzwerkleselust.de\/index.php?rest_route=\/wp\/v2\/pages\/478"}],"collection":[{"href":"http:\/\/netzwerkleselust.de\/index.php?rest_route=\/wp\/v2\/pages"}],"about":[{"href":"http:\/\/netzwerkleselust.de\/index.php?rest_route=\/wp\/v2\/types\/page"}],"author":[{"embeddable":true,"href":"http:\/\/netzwerkleselust.de\/index.php?rest_route=\/wp\/v2\/users\/2"}],"replies":[{"embeddable":true,"href":"http:\/\/netzwerkleselust.de\/index.php?rest_route=%2Fwp%2Fv2%2Fcomments&post=478"}],"version-history":[{"count":19,"href":"http:\/\/netzwerkleselust.de\/index.php?rest_route=\/wp\/v2\/pages\/478\/revisions"}],"predecessor-version":[{"id":560,"href":"http:\/\/netzwerkleselust.de\/index.php?rest_route=\/wp\/v2\/pages\/478\/revisions\/560"}],"wp:attachment":[{"href":"http:\/\/netzwerkleselust.de\/index.php?rest_route=%2Fwp%2Fv2%2Fmedia&parent=478"}],"curies":[{"name":"wp","href":"https:\/\/api.w.org\/{rel}","templated":true}]}}