{"id":2,"date":"2024-04-11T13:48:15","date_gmt":"2024-04-11T13:48:15","guid":{"rendered":"http:\/\/netzwerkleselust.de\/?page_id=2"},"modified":"2025-11-04T00:56:11","modified_gmt":"2025-11-04T00:56:11","slug":"sample-page","status":"publish","type":"page","link":"http:\/\/netzwerkleselust.de\/?page_id=2","title":{"rendered":"\u00dcber uns"},"content":{"rendered":"<p>[et_pb_section fb_built=&#8221;1&#8243; _builder_version=&#8221;4.27.4&#8243; _module_preset=&#8221;default&#8221; global_colors_info=&#8221;{}&#8221;][et_pb_row _builder_version=&#8221;4.27.4&#8243; _module_preset=&#8221;default&#8221; global_colors_info=&#8221;{}&#8221;][et_pb_column type=&#8221;4_4&#8243; _builder_version=&#8221;4.27.4&#8243; _module_preset=&#8221;default&#8221; global_colors_info=&#8221;{}&#8221;][et_pb_blurb title=&#8221;\u00dcber uns&#8221; use_icon=&#8221;on&#8221; font_icon=&#8221;&#xf0a9;||fa||900&#8243; icon_color=&#8221;gcid-4a97cfeb-cc44-4db4-9180-c95b654d70aa&#8221; image_icon_width=&#8221;32px&#8221; icon_alignment=&#8221;left&#8221; content_max_width=&#8221;100%&#8221; admin_label=&#8221;Infotext-H3 &#8211; \u00dcber uns&#8221; _builder_version=&#8221;4.27.4&#8243; _module_preset=&#8221;212b201d-2c34-41bd-936c-851b7357d08b&#8221; header_font=&#8221;Playfair Display|Playfair Display_weight|||||||&#8221; header_text_color=&#8221;#111111&#8243; header_font_size=&#8221;18px&#8221; header_line_height=&#8221;1.4em&#8221; body_font=&#8221;Source Sans Pro|Source Sans Pro_weight|||||||&#8221; body_text_color=&#8221;rgba(0,0,0,0.64)&#8221; body_font_size=&#8221;16px&#8221; body_line_height=&#8221;1.75em&#8221; body_link_text_color=&#8221;#03045e&#8221; background_mask_style=&#8221;diagonal&#8221; image_icon_custom_margin=&#8221;||||false|false&#8221; image_icon_custom_padding=&#8221;||||false|false&#8221; animation=&#8221;off&#8221; hover_enabled=&#8221;0&#8243; header_font_size_tablet=&#8221;15px&#8221; header_font_size_phone=&#8221;13px&#8221; header_font_size_last_edited=&#8221;on|phone&#8221; body_font_size_tablet=&#8221;15px&#8221; body_font_size_phone=&#8221;14px&#8221; body_font_size_last_edited=&#8221;on|desktop&#8221; border_radii_image=&#8221;on|6px|6px|6px|6px&#8221; locked=&#8221;off&#8221; global_colors_info=&#8221;{%22gcid-4a97cfeb-cc44-4db4-9180-c95b654d70aa%22:%91%22icon_color%22%93}&#8221; sticky_enabled=&#8221;0&#8243;][\/et_pb_blurb][\/et_pb_column][\/et_pb_row][et_pb_row column_structure=&#8221;1_2,1_2&#8243; custom_padding_last_edited=&#8221;on|desktop&#8221; admin_label=&#8221;\u00dcber uns &#8211; Text&#8221; _builder_version=&#8221;4.25.1&#8243; _module_preset=&#8221;048d8e79-b07f-439b-bd57-f41c14f0a56b&#8221; background_color=&#8221;#FFFFFF&#8221; custom_padding=&#8221;|30px||30px|false|true&#8221; custom_padding_tablet=&#8221;|30px||30px|false|true&#8221; custom_padding_phone=&#8221;|20px||20px|false|true&#8221; border_radii=&#8221;on|6px|6px|6px|6px&#8221; box_shadow_style=&#8221;preset3&#8243; box_shadow_vertical=&#8221;24px&#8221; box_shadow_blur=&#8221;72px&#8221; box_shadow_spread=&#8221;-12px&#8221; box_shadow_color=&#8221;rgba(0,0,0,0.12)&#8221; global_colors_info=&#8221;{}&#8221;][et_pb_column type=&#8221;1_2&#8243; _builder_version=&#8221;4.25.1&#8243; _module_preset=&#8221;default&#8221; global_colors_info=&#8221;{}&#8221;][et_pb_blurb title=&#8221;Wir schaffen &#8230;&#8221; use_icon=&#8221;on&#8221; font_icon=&#8221;&#xf0a9;||fa||900&#8243; icon_color=&#8221;gcid-4a97cfeb-cc44-4db4-9180-c95b654d70aa&#8221; image_icon_width=&#8221;32px&#8221; icon_alignment=&#8221;left&#8221; content_max_width=&#8221;100%&#8221; admin_label=&#8221;Infotext &#8211; Wir schaffen &#8230;&#8221; _builder_version=&#8221;4.27.0&#8243; _module_preset=&#8221;212b201d-2c34-41bd-936c-851b7357d08b&#8221; header_font=&#8221;Playfair Display|Playfair Display_weight|||||||&#8221; header_text_color=&#8221;#111111&#8243; header_font_size=&#8221;18px&#8221; header_line_height=&#8221;1.4em&#8221; body_font=&#8221;Source Sans Pro|Source Sans Pro_weight|||||||&#8221; body_text_color=&#8221;rgba(0,0,0,0.64)&#8221; body_font_size=&#8221;16px&#8221; body_line_height=&#8221;1.75em&#8221; body_link_text_color=&#8221;#03045e&#8221; background_mask_style=&#8221;diagonal&#8221; image_icon_custom_margin=&#8221;||||false|false&#8221; image_icon_custom_padding=&#8221;||||false|false&#8221; animation=&#8221;off&#8221; header_font_size_tablet=&#8221;15px&#8221; header_font_size_phone=&#8221;13px&#8221; header_font_size_last_edited=&#8221;on|phone&#8221; body_font_size_tablet=&#8221;15px&#8221; body_font_size_phone=&#8221;14px&#8221; body_font_size_last_edited=&#8221;on|desktop&#8221; border_radii_image=&#8221;on|6px|6px|6px|6px&#8221; locked=&#8221;off&#8221; global_colors_info=&#8221;{%22gcid-4a97cfeb-cc44-4db4-9180-c95b654d70aa%22:%91%22icon_color%22%93}&#8221;]<\/p>\n<p>vielf\u00e4ltige Zug\u00e4nge zur Welt der B\u00fccher und Sprache. Mit unseren Ideen und Konzepten wird Literatur erlebbar gemacht.<\/p>\n<p>Dazu bieten wir:<\/p>\n<ul>\n<li>Veranstaltungen zur Lesef\u00f6rderung und Vorleseangebote f\u00fcr Kinder<\/li>\n<li>B\u00fccherkisten f\u00fcr Kinder<\/li>\n<li>Angebote im MediaLab f\u00fcr Jugendliche<\/li>\n<li>Fortbildung f\u00fcr Fachpersonal und ehrenamtlich Engagierte, z.B. Vorlesepaten<\/li>\n<li>Allgemeine Beratung und Information zur Lesef\u00f6rderung f\u00fcr Institutionen, Eltern und Familien sowie Vereine<\/li>\n<li>Begleitung von KiTas beim Erlangen des G\u00fctesiegels &#8220;Buchkita&#8221;<\/li>\n<\/ul>\n<p>[\/et_pb_blurb][\/et_pb_column][et_pb_column type=&#8221;1_2&#8243; _builder_version=&#8221;4.27.0&#8243; _module_preset=&#8221;default&#8221; global_colors_info=&#8221;{}&#8221;][et_pb_blurb title=&#8221;Unsere Motivation&#8221; use_icon=&#8221;on&#8221; font_icon=&#8221;&#xf0a9;||fa||900&#8243; icon_color=&#8221;gcid-4a97cfeb-cc44-4db4-9180-c95b654d70aa&#8221; image_icon_width=&#8221;32px&#8221; icon_alignment=&#8221;left&#8221; content_max_width=&#8221;100%&#8221; admin_label=&#8221;Infotext &#8211; Unsere Motivation&#8221; _builder_version=&#8221;4.27.0&#8243; _module_preset=&#8221;212b201d-2c34-41bd-936c-851b7357d08b&#8221; header_font=&#8221;Playfair Display|Playfair Display_weight|||||||&#8221; header_text_color=&#8221;#111111&#8243; header_font_size=&#8221;18px&#8221; header_line_height=&#8221;1.4em&#8221; body_font=&#8221;Source Sans Pro|Source Sans Pro_weight|||||||&#8221; body_text_color=&#8221;rgba(0,0,0,0.64)&#8221; body_font_size=&#8221;16px&#8221; body_line_height=&#8221;1.75em&#8221; body_link_text_color=&#8221;#03045e&#8221; background_mask_style=&#8221;diagonal&#8221; image_icon_custom_margin=&#8221;||||false|false&#8221; image_icon_custom_padding=&#8221;||||false|false&#8221; animation=&#8221;off&#8221; header_font_size_tablet=&#8221;15px&#8221; header_font_size_phone=&#8221;13px&#8221; header_font_size_last_edited=&#8221;on|phone&#8221; body_font_size_tablet=&#8221;15px&#8221; body_font_size_phone=&#8221;14px&#8221; body_font_size_last_edited=&#8221;on|desktop&#8221; border_radii_image=&#8221;on|6px|6px|6px|6px&#8221; locked=&#8221;off&#8221; global_colors_info=&#8221;{%22gcid-4a97cfeb-cc44-4db4-9180-c95b654d70aa%22:%91%22icon_color%22%93}&#8221;]<\/p>\n<p>Eintauchen in die fremden Welten zwischen Buchr\u00fccken! Ob spannende Abenteuer, inspirierende Geschichten, packende Sachthemen oder lustige Ereignisse aus Wirklichkeit und Phantasie. Literatur erleben in all ihrer Vielfalt und mit allen Sinnen &#8211; das bedeutet <span style=\"color: #33cccc;\"><strong>Leselust<\/strong> <\/span>f\u00fcr uns.<\/p>\n<p>[\/et_pb_blurb][\/et_pb_column][\/et_pb_row][\/et_pb_section]<\/p>\n","protected":false},"excerpt":{"rendered":"<p>vielf\u00e4ltige Zug\u00e4nge zur Welt der B\u00fccher und Sprache. Mit unseren Ideen und Konzepten wird Literatur erlebbar gemacht. Dazu bieten wir: Veranstaltungen zur Lesef\u00f6rderung und Vorleseangebote f\u00fcr Kinder B\u00fccherkisten f\u00fcr Kinder [&hellip;]<\/p>\n","protected":false},"author":2,"featured_media":0,"parent":0,"menu_order":0,"comment_status":"closed","ping_status":"open","template":"","meta":{"_et_pb_use_builder":"on","_et_pb_old_content":"<!-- wp:paragraph -->\r\n<p>This is an example page. It's different from a blog post because it will stay in one place and will show up in your site navigation (in most themes). Most people start with an About page that introduces them to potential site visitors. It might say something like this:<\/p>\r\n<!-- \/wp:paragraph --><!-- wp:quote -->\r\n<blockquote class=\"wp-block-quote\">\r\n<p>Hi there! I'm a bike messenger by day, aspiring actor by night, and this is my website. I live in Los Angeles, have a great dog named Jack, and I like pi\u00f1a coladas. (And gettin' caught in the rain.)<\/p>\r\n<\/blockquote>\r\n<!-- \/wp:quote --><!-- wp:paragraph -->\r\n<p>...or something like this:<\/p>\r\n<!-- \/wp:paragraph --><!-- wp:quote -->\r\n<blockquote class=\"wp-block-quote\">\r\n<p>The XYZ Doohickey Company was founded in 1971, and has been providing quality doohickeys to the public ever since. Located in Gotham City, XYZ employs over 2,000 people and does all kinds of awesome things for the Gotham community.<\/p>\r\n<\/blockquote>\r\n<!-- \/wp:quote --><!-- wp:paragraph -->\r\n<p>As a new WordPress user, you should go to <a href=\"http:\/\/netzwerkleselust.de\/wp-admin\/\">your dashboard<\/a> to delete this page and create new pages for your content. Have fun!<\/p>\r\n<!-- \/wp:paragraph -->","_et_gb_content_width":"","footnotes":""},"class_list":["post-2","page","type-page","status-publish","hentry"],"_links":{"self":[{"href":"http:\/\/netzwerkleselust.de\/index.php?rest_route=\/wp\/v2\/pages\/2"}],"collection":[{"href":"http:\/\/netzwerkleselust.de\/index.php?rest_route=\/wp\/v2\/pages"}],"about":[{"href":"http:\/\/netzwerkleselust.de\/index.php?rest_route=\/wp\/v2\/types\/page"}],"author":[{"embeddable":true,"href":"http:\/\/netzwerkleselust.de\/index.php?rest_route=\/wp\/v2\/users\/2"}],"replies":[{"embeddable":true,"href":"http:\/\/netzwerkleselust.de\/index.php?rest_route=%2Fwp%2Fv2%2Fcomments&post=2"}],"version-history":[{"count":6,"href":"http:\/\/netzwerkleselust.de\/index.php?rest_route=\/wp\/v2\/pages\/2\/revisions"}],"predecessor-version":[{"id":501,"href":"http:\/\/netzwerkleselust.de\/index.php?rest_route=\/wp\/v2\/pages\/2\/revisions\/501"}],"wp:attachment":[{"href":"http:\/\/netzwerkleselust.de\/index.php?rest_route=%2Fwp%2Fv2%2Fmedia&parent=2"}],"curies":[{"name":"wp","href":"https:\/\/api.w.org\/{rel}","templated":true}]}}